{"id":250,"date":"2022-02-19T18:25:32","date_gmt":"2022-02-19T23:25:32","guid":{"rendered":"https:\/\/centurylanesheep.ca\/?page_id=250"},"modified":"2023-02-20T09:26:30","modified_gmt":"2023-02-20T14:26:30","slug":"flock-health","status":"publish","type":"page","link":"http:\/\/centurylanesheep.ca\/es\/flock-health\/","title":{"rendered":"Sanidad del Reba\u00f1o"},"content":{"rendered":"<div data-elementor-type=\"wp-page\" data-elementor-id=\"250\" class=\"elementor elementor-250\" data-elementor-post-type=\"page\">\n\t\t\t\t\t\t<section class=\"elementor-section elementor-top-section elementor-element elementor-element-c34715e elementor-section-full_width elementor-section-height-min-height elementor-section-items-stretch elementor-section-content-bottom elementor-section-height-default\" data-id=\"c34715e\" data-element_type=\"section\">\n\t\t\t\t\t\t<div class=\"elementor-container elementor-column-gap-default\">\n\t\t\t\t\t<div class=\"elementor-column elementor-col-100 elementor-top-column elementor-element elementor-element-dc9f925\" data-id=\"dc9f925\" data-element_type=\"column\">\n\t\t\t<div class=\"elementor-widget-wrap elementor-element-populated\">\n\t\t\t\t\t\t<div class=\"elementor-element elementor-element-0910e02 elementor-invisible elementor-widget elementor-widget-heading\" data-id=\"0910e02\" data-element_type=\"widget\" data-settings=\"{&quot;_animation&quot;:&quot;fadeIn&quot;,&quot;_animation_delay&quot;:&quot;400&quot;}\" data-widget_type=\"heading.default\">\n\t\t\t\t<div class=\"elementor-widget-container\">\n\t\t\t<style>\/*! elementor - v3.21.0 - 26-05-2024 *\/\n.elementor-heading-title{padding:0;margin:0;line-height:1}.elementor-widget-heading .elementor-heading-title[class*=elementor-size-]>a{color:inherit;font-size:inherit;line-height:inherit}.elementor-widget-heading .elementor-heading-title.elementor-size-small{font-size:15px}.elementor-widget-heading .elementor-heading-title.elementor-size-medium{font-size:19px}.elementor-widget-heading .elementor-heading-title.elementor-size-large{font-size:29px}.elementor-widget-heading .elementor-heading-title.elementor-size-xl{font-size:39px}.elementor-widget-heading .elementor-heading-title.elementor-size-xxl{font-size:59px}<\/style><h1 class=\"elementor-heading-title elementor-size-default\">Sanidad del Reba\u00f1o<\/h1>\t\t<\/div>\n\t\t\t\t<\/div>\n\t\t\t\t\t<\/div>\n\t\t<\/div>\n\t\t\t\t\t<\/div>\n\t\t<\/section>\n\t\t\t\t<section class=\"elementor-section elementor-top-section elementor-element elementor-element-1c056c8 elementor-section-boxed elementor-section-height-default elementor-section-height-default\" data-id=\"1c056c8\" data-element_type=\"section\">\n\t\t\t\t\t\t<div class=\"elementor-container elementor-column-gap-default\">\n\t\t\t\t\t<div class=\"elementor-column elementor-col-50 elementor-top-column elementor-element elementor-element-7ee067b\" data-id=\"7ee067b\" data-element_type=\"column\">\n\t\t\t<div class=\"elementor-widget-wrap elementor-element-populated\">\n\t\t\t\t\t\t<div class=\"elementor-element elementor-element-30fd8f4 elementor-widget elementor-widget-image\" data-id=\"30fd8f4\" data-element_type=\"widget\" data-widget_type=\"image.default\">\n\t\t\t\t<div class=\"elementor-widget-container\">\n\t\t\t<style>\/*! elementor - v3.21.0 - 26-05-2024 *\/\n.elementor-widget-image{text-align:center}.elementor-widget-image a{display:inline-block}.elementor-widget-image a img[src$=\".svg\"]{width:48px}.elementor-widget-image img{vertical-align:middle;display:inline-block}<\/style>\t\t\t\t\t\t\t\t\t\t<img fetchpriority=\"high\" decoding=\"async\" width=\"541\" height=\"446\" src=\"http:\/\/centurylanesheep.ca\/wp-content\/uploads\/2022\/02\/Ram-Head-2.jpg\" class=\"attachment-full size-full wp-image-430\" alt=\"\" srcset=\"http:\/\/centurylanesheep.ca\/wp-content\/uploads\/2022\/02\/Ram-Head-2.jpg 541w, http:\/\/centurylanesheep.ca\/wp-content\/uploads\/2022\/02\/Ram-Head-2-300x247.jpg 300w\" sizes=\"(max-width: 541px) 100vw, 541px\" \/>\t\t\t\t\t\t\t\t\t\t\t\t\t<\/div>\n\t\t\t\t<\/div>\n\t\t\t\t\t<\/div>\n\t\t<\/div>\n\t\t\t\t<div class=\"elementor-column elementor-col-50 elementor-top-column elementor-element elementor-element-442a8e4\" data-id=\"442a8e4\" data-element_type=\"column\">\n\t\t\t<div class=\"elementor-widget-wrap elementor-element-populated\">\n\t\t\t\t\t\t<div class=\"elementor-element elementor-element-6149e7f elementor-widget elementor-widget-image\" data-id=\"6149e7f\" data-element_type=\"widget\" data-widget_type=\"image.default\">\n\t\t\t\t<div class=\"elementor-widget-container\">\n\t\t\t\t\t\t\t\t\t\t\t\t\t<img decoding=\"async\" width=\"541\" height=\"446\" src=\"http:\/\/centurylanesheep.ca\/wp-content\/uploads\/2022\/02\/Brood-Ewes-c1.png\" class=\"attachment-large size-large wp-image-428\" alt=\"\" srcset=\"http:\/\/centurylanesheep.ca\/wp-content\/uploads\/2022\/02\/Brood-Ewes-c1.png 541w, http:\/\/centurylanesheep.ca\/wp-content\/uploads\/2022\/02\/Brood-Ewes-c1-300x247.png 300w\" sizes=\"(max-width: 541px) 100vw, 541px\" \/>\t\t\t\t\t\t\t\t\t\t\t\t\t<\/div>\n\t\t\t\t<\/div>\n\t\t\t\t\t<\/div>\n\t\t<\/div>\n\t\t\t\t\t<\/div>\n\t\t<\/section>\n\t\t\t\t<section class=\"elementor-section elementor-top-section elementor-element elementor-element-834edee elementor-section-full_width elementor-section-content-bottom elementor-section-height-default elementor-section-height-default\" data-id=\"834edee\" data-element_type=\"section\">\n\t\t\t\t\t\t<div class=\"elementor-container elementor-column-gap-no\">\n\t\t\t\t\t<div class=\"elementor-column elementor-col-100 elementor-top-column elementor-element elementor-element-cbb6086\" data-id=\"cbb6086\" data-element_type=\"column\">\n\t\t\t<div class=\"elementor-widget-wrap elementor-element-populated\">\n\t\t\t\t\t\t<div class=\"elementor-element elementor-element-b8877de elementor-widget elementor-widget-text-editor\" data-id=\"b8877de\" data-element_type=\"widget\" data-widget_type=\"text-editor.default\">\n\t\t\t\t<div class=\"elementor-widget-container\">\n\t\t\t<style>\/*! elementor - v3.21.0 - 26-05-2024 *\/\n.elementor-widget-text-editor.elementor-drop-cap-view-stacked .elementor-drop-cap{background-color:#69727d;color:#fff}.elementor-widget-text-editor.elementor-drop-cap-view-framed .elementor-drop-cap{color:#69727d;border:3px solid;background-color:transparent}.elementor-widget-text-editor:not(.elementor-drop-cap-view-default) .elementor-drop-cap{margin-top:8px}.elementor-widget-text-editor:not(.elementor-drop-cap-view-default) .elementor-drop-cap-letter{width:1em;height:1em}.elementor-widget-text-editor .elementor-drop-cap{float:left;text-align:center;line-height:1;font-size:50px}.elementor-widget-text-editor .elementor-drop-cap-letter{display:inline-block}<\/style>\t\t\t\t<p>La sanidad del reba\u00f1o ha sido nuestra prioridad n\u00famero uno. Fuimos pioneros en la lucha contra Maedi-visna \/ Neumon\u00eda Progresiva Ovina (NPO) y hemos tenido un reba\u00f1o libre de NPO, desde principios de la d\u00e9cada de 1980. Adem\u00e1s, participamos en el programa canadiense 'Genovis' el cual proporciona a los compradores potenciales, valiosos datos de rendimiento. Todas nuestras ovejas son genotipificadas para la resistencia al prurigo lumbar (Scrapie). Nuestro reba\u00f1o tiene \"estatus certificado\" por el Programa de Scrapie de la Agencia Canadiense de Inspecci\u00f3n de Alimentos. Como resultado, somos el \u00fanico reba\u00f1o Dorset en Am\u00e9rica del Norte, que cumple con los nuevos est\u00e1ndares sanitarios requeridos para exportar nuestros animales reproductores y cr\u00edas a Suram\u00e9rica.<\/p><p>Lo anterior proporcionar\u00e1 a nuestros compradores estadounidenses, una gran seguridad de que nuestro reba\u00f1o de cr\u00eda, est\u00e1 sobre calificado para cumplir con los est\u00e1ndares sanitarios de importaci\u00f3n exigido por el USDA.<\/p>\t\t\t\t\t\t<\/div>\n\t\t\t\t<\/div>\n\t\t\t\t\t<\/div>\n\t\t<\/div>\n\t\t\t\t\t<\/div>\n\t\t<\/section>\n\t\t\t\t<section class=\"elementor-section elementor-top-section elementor-element elementor-element-c2c9010 elementor-section-boxed elementor-section-height-default elementor-section-height-default\" data-id=\"c2c9010\" data-element_type=\"section\">\n\t\t\t\t\t\t<div class=\"elementor-container elementor-column-gap-default\">\n\t\t\t\t\t<div class=\"elementor-column elementor-col-100 elementor-top-column elementor-element elementor-element-0afbc7c\" data-id=\"0afbc7c\" data-element_type=\"column\">\n\t\t\t<div class=\"elementor-widget-wrap elementor-element-populated\">\n\t\t\t\t\t\t<div class=\"elementor-element elementor-element-cb5b14d elementor-widget elementor-widget-heading\" data-id=\"cb5b14d\" data-element_type=\"widget\" data-widget_type=\"heading.default\">\n\t\t\t\t<div class=\"elementor-widget-container\">\n\t\t\t<h2 class=\"elementor-heading-title elementor-size-default\">Certificados de Sanidad del Reba\u00f1o<\/h2>\t\t<\/div>\n\t\t\t\t<\/div>\n\t\t\t\t\t<\/div>\n\t\t<\/div>\n\t\t\t\t\t<\/div>\n\t\t<\/section>\n\t\t\t\t<section class=\"elementor-section elementor-top-section elementor-element elementor-element-980cdd2 elementor-section-boxed elementor-section-height-default elementor-section-height-default\" data-id=\"980cdd2\" data-element_type=\"section\">\n\t\t\t\t\t\t<div class=\"elementor-container elementor-column-gap-default\">\n\t\t\t\t\t<div class=\"elementor-column elementor-col-50 elementor-top-column elementor-element elementor-element-69fe18d\" data-id=\"69fe18d\" data-element_type=\"column\">\n\t\t\t<div class=\"elementor-widget-wrap elementor-element-populated\">\n\t\t\t\t\t\t<div class=\"elementor-element elementor-element-8c68534 elementor-widget elementor-widget-image\" data-id=\"8c68534\" data-element_type=\"widget\" data-widget_type=\"image.default\">\n\t\t\t\t<div class=\"elementor-widget-container\">\n\t\t\t\t\t\t\t\t\t\t\t\t\t<img decoding=\"async\" width=\"800\" height=\"617\" src=\"http:\/\/centurylanesheep.ca\/wp-content\/uploads\/2023\/02\/Maedi-Visna-Cert-2022-23.jpg\" class=\"attachment-large size-large wp-image-641\" alt=\"\" srcset=\"http:\/\/centurylanesheep.ca\/wp-content\/uploads\/2023\/02\/Maedi-Visna-Cert-2022-23.jpg 1000w, http:\/\/centurylanesheep.ca\/wp-content\/uploads\/2023\/02\/Maedi-Visna-Cert-2022-23-300x231.jpg 300w, http:\/\/centurylanesheep.ca\/wp-content\/uploads\/2023\/02\/Maedi-Visna-Cert-2022-23-768x592.jpg 768w, http:\/\/centurylanesheep.ca\/wp-content\/uploads\/2023\/02\/Maedi-Visna-Cert-2022-23-16x12.jpg 16w\" sizes=\"(max-width: 800px) 100vw, 800px\" \/>\t\t\t\t\t\t\t\t\t\t\t\t\t<\/div>\n\t\t\t\t<\/div>\n\t\t\t\t\t<\/div>\n\t\t<\/div>\n\t\t\t\t<div class=\"elementor-column elementor-col-50 elementor-top-column elementor-element elementor-element-d60c684\" data-id=\"d60c684\" data-element_type=\"column\">\n\t\t\t<div class=\"elementor-widget-wrap elementor-element-populated\">\n\t\t\t\t\t\t<div class=\"elementor-element elementor-element-10ecfc5 elementor-widget elementor-widget-image\" data-id=\"10ecfc5\" data-element_type=\"widget\" data-widget_type=\"image.default\">\n\t\t\t\t<div class=\"elementor-widget-container\">\n\t\t\t\t\t\t\t\t\t\t\t\t\t<img loading=\"lazy\" decoding=\"async\" width=\"800\" height=\"617\" src=\"http:\/\/centurylanesheep.ca\/wp-content\/uploads\/2023\/02\/Scrapi-Flock-Cert.-2022-23.jpg\" class=\"attachment-large size-large wp-image-642\" alt=\"\" srcset=\"http:\/\/centurylanesheep.ca\/wp-content\/uploads\/2023\/02\/Scrapi-Flock-Cert.-2022-23.jpg 1000w, http:\/\/centurylanesheep.ca\/wp-content\/uploads\/2023\/02\/Scrapi-Flock-Cert.-2022-23-300x231.jpg 300w, http:\/\/centurylanesheep.ca\/wp-content\/uploads\/2023\/02\/Scrapi-Flock-Cert.-2022-23-768x592.jpg 768w, http:\/\/centurylanesheep.ca\/wp-content\/uploads\/2023\/02\/Scrapi-Flock-Cert.-2022-23-16x12.jpg 16w\" sizes=\"(max-width: 800px) 100vw, 800px\" \/>\t\t\t\t\t\t\t\t\t\t\t\t\t<\/div>\n\t\t\t\t<\/div>\n\t\t\t\t\t<\/div>\n\t\t<\/div>\n\t\t\t\t\t<\/div>\n\t\t<\/section>\n\t\t\t\t<section class=\"elementor-section elementor-top-section elementor-element elementor-element-73f9f15 elementor-section-boxed elementor-section-height-default elementor-section-height-default\" data-id=\"73f9f15\" data-element_type=\"section\">\n\t\t\t\t\t\t<div class=\"elementor-container elementor-column-gap-default\">\n\t\t\t\t\t<div class=\"elementor-column elementor-col-100 elementor-top-column elementor-element elementor-element-791de98\" data-id=\"791de98\" data-element_type=\"column\">\n\t\t\t<div class=\"elementor-widget-wrap elementor-element-populated\">\n\t\t\t\t\t\t<div class=\"elementor-element elementor-element-899b575 elementor-invisible elementor-widget elementor-widget-heading\" data-id=\"899b575\" data-element_type=\"widget\" data-settings=\"{&quot;_animation&quot;:&quot;fadeIn&quot;,&quot;_animation_delay&quot;:&quot;400&quot;}\" data-widget_type=\"heading.default\">\n\t\t\t\t<div class=\"elementor-widget-container\">\n\t\t\t<h2 class=\"elementor-heading-title elementor-size-default\">Evaluaci\u00f3n Gen\u00e9tica<\/h2>\t\t<\/div>\n\t\t\t\t<\/div>\n\t\t\t\t<div class=\"elementor-element elementor-element-75dac77 elementor-widget elementor-widget-text-editor\" data-id=\"75dac77\" data-element_type=\"widget\" data-widget_type=\"text-editor.default\">\n\t\t\t\t<div class=\"elementor-widget-container\">\n\t\t\t\t\t\t\t<p>Haga Clic en el Certificado para Visualizar la Hoja de Datos de Rendimiento<\/p>\t\t\t\t\t\t<\/div>\n\t\t\t\t<\/div>\n\t\t\t\t\t<\/div>\n\t\t<\/div>\n\t\t\t\t\t<\/div>\n\t\t<\/section>\n\t\t\t\t<section class=\"elementor-section elementor-top-section elementor-element elementor-element-1ed9bfe elementor-section-boxed elementor-section-height-default elementor-section-height-default\" data-id=\"1ed9bfe\" data-element_type=\"section\">\n\t\t\t\t\t\t<div class=\"elementor-container elementor-column-gap-default\">\n\t\t\t\t\t<div class=\"elementor-column elementor-col-50 elementor-top-column elementor-element elementor-element-aaf1bdb\" data-id=\"aaf1bdb\" data-element_type=\"column\">\n\t\t\t<div class=\"elementor-widget-wrap elementor-element-populated\">\n\t\t\t\t\t\t<div class=\"elementor-element elementor-element-05620b6 elementor-widget elementor-widget-image\" data-id=\"05620b6\" data-element_type=\"widget\" data-widget_type=\"image.default\">\n\t\t\t\t<div class=\"elementor-widget-container\">\n\t\t\t\t\t\t\t\t\t\t\t\t\t\t<a href=\"#elementor-action:action=lightbox&settings=eyJ1cmwiOiJodHRwOlwvXC9jZW50dXJ5bGFuZXNoZWVwLmNhXC93cC1jb250ZW50XC91cGxvYWRzXC8yMDIyXC8wMlwvQ0xGLTQ1MUItR2VuT3Zpcy1QZXJmb3JtYW5jZS1EYXRhLTIwMTQtVG9wLUluZGV4aW5nLVJhbS1HeC1HeG0uanBnIiwidHlwZSI6ImltYWdlIiwidGl0bGUiOiJDTEYgNDUxQiBHZW5PdmlzIFBlcmZvcm1hbmNlIERhdGEgMjAxNCBUb3AgSW5kZXhpbmcgUmFtIEd4ICYgR3htIn0=\">\n\t\t\t\t\t\t\t<img loading=\"lazy\" decoding=\"async\" width=\"800\" height=\"596\" src=\"http:\/\/centurylanesheep.ca\/wp-content\/uploads\/2022\/02\/Genovis-Growth-Index-6.jpg\" class=\"attachment-large size-large wp-image-258\" alt=\"\" srcset=\"http:\/\/centurylanesheep.ca\/wp-content\/uploads\/2022\/02\/Genovis-Growth-Index-6.jpg 1000w, http:\/\/centurylanesheep.ca\/wp-content\/uploads\/2022\/02\/Genovis-Growth-Index-6-300x224.jpg 300w, http:\/\/centurylanesheep.ca\/wp-content\/uploads\/2022\/02\/Genovis-Growth-Index-6-768x572.jpg 768w\" sizes=\"(max-width: 800px) 100vw, 800px\" \/>\t\t\t\t\t\t\t\t<\/a>\n\t\t\t\t\t\t\t\t\t\t\t\t\t<\/div>\n\t\t\t\t<\/div>\n\t\t\t\t\t<\/div>\n\t\t<\/div>\n\t\t\t\t<div class=\"elementor-column elementor-col-50 elementor-top-column elementor-element elementor-element-515673f\" data-id=\"515673f\" data-element_type=\"column\">\n\t\t\t<div class=\"elementor-widget-wrap elementor-element-populated\">\n\t\t\t\t\t\t<div class=\"elementor-element elementor-element-f8c3795 elementor-widget elementor-widget-image\" data-id=\"f8c3795\" data-element_type=\"widget\" data-widget_type=\"image.default\">\n\t\t\t\t<div class=\"elementor-widget-container\">\n\t\t\t\t\t\t\t\t\t\t\t\t\t\t<a href=\"#elementor-action:action=lightbox&settings=eyJ1cmwiOiJodHRwOlwvXC9jZW50dXJ5bGFuZXNoZWVwLmNhXC93cC1jb250ZW50XC91cGxvYWRzXC8yMDIyXC8wMlwvQ0xGLTQ1MUItR2VuT3Zpcy1QZXJmb3JtYW5jZS1EYXRhLTIwMTQtVG9wLUluZGV4aW5nLVJhbS1HeC1HeG0uanBnIiwidHlwZSI6ImltYWdlIiwidGl0bGUiOiJDTEYgNDUxQiBHZW5PdmlzIFBlcmZvcm1hbmNlIERhdGEgMjAxNCBUb3AgSW5kZXhpbmcgUmFtIEd4ICYgR3htIn0=\">\n\t\t\t\t\t\t\t<img loading=\"lazy\" decoding=\"async\" width=\"800\" height=\"596\" src=\"http:\/\/centurylanesheep.ca\/wp-content\/uploads\/2022\/02\/Genovis-Growth-Index-7.jpg\" class=\"attachment-large size-large wp-image-259\" alt=\"\" srcset=\"http:\/\/centurylanesheep.ca\/wp-content\/uploads\/2022\/02\/Genovis-Growth-Index-7.jpg 1000w, http:\/\/centurylanesheep.ca\/wp-content\/uploads\/2022\/02\/Genovis-Growth-Index-7-300x224.jpg 300w, http:\/\/centurylanesheep.ca\/wp-content\/uploads\/2022\/02\/Genovis-Growth-Index-7-768x572.jpg 768w\" sizes=\"(max-width: 800px) 100vw, 800px\" \/>\t\t\t\t\t\t\t\t<\/a>\n\t\t\t\t\t\t\t\t\t\t\t\t\t<\/div>\n\t\t\t\t<\/div>\n\t\t\t\t\t<\/div>\n\t\t<\/div>\n\t\t\t\t\t<\/div>\n\t\t<\/section>\n\t\t\t\t<section class=\"elementor-section elementor-top-section elementor-element elementor-element-0fcd92c elementor-section-boxed elementor-section-height-default elementor-section-height-default\" data-id=\"0fcd92c\" data-element_type=\"section\">\n\t\t\t\t\t\t<div class=\"elementor-container elementor-column-gap-default\">\n\t\t\t\t\t<div class=\"elementor-column elementor-col-50 elementor-top-column elementor-element elementor-element-f6675e1\" data-id=\"f6675e1\" data-element_type=\"column\">\n\t\t\t<div class=\"elementor-widget-wrap elementor-element-populated\">\n\t\t\t\t\t\t<div class=\"elementor-element elementor-element-552fdf5 elementor-widget elementor-widget-image\" data-id=\"552fdf5\" data-element_type=\"widget\" data-widget_type=\"image.default\">\n\t\t\t\t<div class=\"elementor-widget-container\">\n\t\t\t\t\t\t\t\t\t\t\t\t\t\t<a href=\"#elementor-action:action=lightbox&settings=eyJ1cmwiOiJodHRwOlwvXC9jZW50dXJ5bGFuZXNoZWVwLmNhXC93cC1jb250ZW50XC91cGxvYWRzXC8yMDIyXC8wMlwvQ0xGLTExWC1HZW5PdmlzLVBlcmZvcm1hbmNlLURhdGEuanBnIiwidHlwZSI6ImltYWdlIiwidGl0bGUiOiJDTEYgMTFYIEdlbk92aXMgUGVyZm9ybWFuY2UgRGF0YSJ9\">\n\t\t\t\t\t\t\t<img loading=\"lazy\" decoding=\"async\" width=\"800\" height=\"596\" src=\"http:\/\/centurylanesheep.ca\/wp-content\/uploads\/2022\/02\/CLF11X-Certificate.jpg\" class=\"attachment-large size-large wp-image-260\" alt=\"\" srcset=\"http:\/\/centurylanesheep.ca\/wp-content\/uploads\/2022\/02\/CLF11X-Certificate.jpg 1000w, http:\/\/centurylanesheep.ca\/wp-content\/uploads\/2022\/02\/CLF11X-Certificate-300x224.jpg 300w, http:\/\/centurylanesheep.ca\/wp-content\/uploads\/2022\/02\/CLF11X-Certificate-768x572.jpg 768w\" sizes=\"(max-width: 800px) 100vw, 800px\" \/>\t\t\t\t\t\t\t\t<\/a>\n\t\t\t\t\t\t\t\t\t\t\t\t\t<\/div>\n\t\t\t\t<\/div>\n\t\t\t\t\t<\/div>\n\t\t<\/div>\n\t\t\t\t<div class=\"elementor-column elementor-col-50 elementor-top-column elementor-element elementor-element-fc5efab\" data-id=\"fc5efab\" data-element_type=\"column\">\n\t\t\t<div class=\"elementor-widget-wrap elementor-element-populated\">\n\t\t\t\t\t\t<div class=\"elementor-element elementor-element-372cb33 elementor-widget elementor-widget-image\" data-id=\"372cb33\" data-element_type=\"widget\" data-widget_type=\"image.default\">\n\t\t\t\t<div class=\"elementor-widget-container\">\n\t\t\t\t\t\t\t\t\t\t\t\t\t\t<a href=\"#elementor-action:action=lightbox&settings=eyJ1cmwiOiJodHRwOlwvXC9jZW50dXJ5bGFuZXNoZWVwLmNhXC93cC1jb250ZW50XC91cGxvYWRzXC8yMDIyXC8wMlwvQ0xGLTk5MVctR2VuT3Zpcy1QZXJmb3JtYW5jZS1EYXRhLmpwZyIsInR5cGUiOiJpbWFnZSIsInRpdGxlIjoiQ0xGIDk5MVcgR2VuT3ZpcyBQZXJmb3JtYW5jZSBEYXRhIn0=\">\n\t\t\t\t\t\t\t<img loading=\"lazy\" decoding=\"async\" width=\"800\" height=\"596\" src=\"http:\/\/centurylanesheep.ca\/wp-content\/uploads\/2022\/02\/CLF991W-Certificate.jpg\" class=\"attachment-large size-large wp-image-261\" alt=\"\" srcset=\"http:\/\/centurylanesheep.ca\/wp-content\/uploads\/2022\/02\/CLF991W-Certificate.jpg 1000w, http:\/\/centurylanesheep.ca\/wp-content\/uploads\/2022\/02\/CLF991W-Certificate-300x224.jpg 300w, http:\/\/centurylanesheep.ca\/wp-content\/uploads\/2022\/02\/CLF991W-Certificate-768x572.jpg 768w\" sizes=\"(max-width: 800px) 100vw, 800px\" \/>\t\t\t\t\t\t\t\t<\/a>\n\t\t\t\t\t\t\t\t\t\t\t\t\t<\/div>\n\t\t\t\t<\/div>\n\t\t\t\t\t<\/div>\n\t\t<\/div>\n\t\t\t\t\t<\/div>\n\t\t<\/section>\n\t\t\t\t<section class=\"elementor-section elementor-top-section elementor-element elementor-element-28e494cc elementor-section-boxed elementor-section-height-default elementor-section-height-default\" data-id=\"28e494cc\" data-element_type=\"section\">\n\t\t\t\t\t\t<div class=\"elementor-container elementor-column-gap-default\">\n\t\t\t\t\t<div class=\"elementor-column elementor-col-100 elementor-top-column elementor-element elementor-element-36abef9f\" data-id=\"36abef9f\" data-element_type=\"column\">\n\t\t\t<div class=\"elementor-widget-wrap elementor-element-populated\">\n\t\t\t\t\t\t<div class=\"elementor-element elementor-element-7f1abfe4 elementor-align-center elementor-widget elementor-widget-button\" data-id=\"7f1abfe4\" data-element_type=\"widget\" data-widget_type=\"button.default\">\n\t\t\t\t<div class=\"elementor-widget-container\">\n\t\t\t\t\t<div class=\"elementor-button-wrapper\">\n\t\t\t<a class=\"elementor-button elementor-button-link elementor-size-sm\" href=\"http:\/\/centurylanesheep.ca\/es\/\">\n\t\t\t\t\t\t<span class=\"elementor-button-content-wrapper\">\n\t\t\t\t\t\t<span class=\"elementor-button-icon elementor-align-icon-left\">\n\t\t\t\t<i aria-hidden=\"true\" class=\"fas fa-arrow-left\"><\/i>\t\t\t<\/span>\n\t\t\t\t\t\t\t\t\t<span class=\"elementor-button-text\">Baaa-ck a casa<\/span>\n\t\t\t\t\t<\/span>\n\t\t\t\t\t<\/a>\n\t\t<\/div>\n\t\t\t\t<\/div>\n\t\t\t\t<\/div>\n\t\t\t\t\t<\/div>\n\t\t<\/div>\n\t\t\t\t\t<\/div>\n\t\t<\/section>\n\t\t\t\t<\/div>","protected":false},"excerpt":{"rendered":"<p>Flock Health Flock health has been our number one priority. We were pioneers in the fight against Maedi-visna\/Ovine Progressive Pneumonia (OPP) and have had an OPP free flock since the early 1980\u2019s. Additionally; we participate in the Canadian \u2018Genovis\u2019 program which provides potential buyers with valuable performance data. All our sheep are genotyped. Since 2007 [&hellip;]<\/p>","protected":false},"author":1,"featured_media":0,"parent":0,"menu_order":0,"comment_status":"closed","ping_status":"closed","template":"","meta":{"footnotes":""},"class_list":["post-250","page","type-page","status-publish","hentry"],"_links":{"self":[{"href":"http:\/\/centurylanesheep.ca\/es\/wp-json\/wp\/v2\/pages\/250","targetHints":{"allow":["GET"]}}],"collection":[{"href":"http:\/\/centurylanesheep.ca\/es\/wp-json\/wp\/v2\/pages"}],"about":[{"href":"http:\/\/centurylanesheep.ca\/es\/wp-json\/wp\/v2\/types\/page"}],"author":[{"embeddable":true,"href":"http:\/\/centurylanesheep.ca\/es\/wp-json\/wp\/v2\/users\/1"}],"replies":[{"embeddable":true,"href":"http:\/\/centurylanesheep.ca\/es\/wp-json\/wp\/v2\/comments?post=250"}],"version-history":[{"count":38,"href":"http:\/\/centurylanesheep.ca\/es\/wp-json\/wp\/v2\/pages\/250\/revisions"}],"predecessor-version":[{"id":645,"href":"http:\/\/centurylanesheep.ca\/es\/wp-json\/wp\/v2\/pages\/250\/revisions\/645"}],"wp:attachment":[{"href":"http:\/\/centurylanesheep.ca\/es\/wp-json\/wp\/v2\/media?parent=250"}],"curies":[{"name":"wp","href":"https:\/\/api.w.org\/{rel}","templated":true}]}}